{"id":875,"date":"2024-07-18T11:37:26","date_gmt":"2024-07-18T14:37:26","guid":{"rendered":"https:\/\/easydoctors.us\/?page_id=875"},"modified":"2025-07-09T11:21:31","modified_gmt":"2025-07-09T14:21:31","slug":"formulario-de-cadastro-old","status":"publish","type":"page","link":"https:\/\/easydoctors.us\/es\/formulario-de-cadastro-old\/","title":{"rendered":"Formul\u00e1rio de cadastroOLD"},"content":{"rendered":"\t\t<div data-elementor-type=\"wp-page\" data-elementor-id=\"875\" class=\"elementor elementor-875\" data-elementor-post-type=\"page\">\n\t\t\t\t<div class=\"elementor-element elementor-element-882dc05 e-flex e-con-boxed e-con e-parent\" data-id=\"882dc05\" data-element_type=\"container\" data-e-type=\"container\" data-settings=\"{&quot;background_background&quot;:&quot;classic&quot;}\">\n\t\t\t\t\t<div class=\"e-con-inner\">\n\t\t<div class=\"elementor-element elementor-element-7593cb1 e-con-full e-flex e-con e-child\" data-id=\"7593cb1\" data-element_type=\"container\" data-e-type=\"container\">\n\t\t\t\t<div class=\"elementor-element elementor-element-c554ff8 elementor-widget elementor-widget-image\" data-id=\"c554ff8\" data-element_type=\"widget\" data-e-type=\"widget\" data-widget_type=\"image.default\">\n\t\t\t\t<div class=\"elementor-widget-container\">\n\t\t\t\t\t\t\t\t\t\t\t\t\t\t\t<img fetchpriority=\"high\" decoding=\"async\" width=\"640\" height=\"640\" src=\"https:\/\/easydoctors.us\/wp-content\/uploads\/2025\/07\/EasyDoctors-logotipoNew02.png\" class=\"attachment-large size-large wp-image-974\" alt=\"\" srcset=\"https:\/\/easydoctors.us\/wp-content\/uploads\/2025\/07\/EasyDoctors-logotipoNew02.png 640w, https:\/\/easydoctors.us\/wp-content\/uploads\/2025\/07\/EasyDoctors-logotipoNew02-300x300.png 300w, https:\/\/easydoctors.us\/wp-content\/uploads\/2025\/07\/EasyDoctors-logotipoNew02-150x150.png 150w\" sizes=\"(max-width: 640px) 100vw, 640px\" \/>\t\t\t\t\t\t\t\t\t\t\t\t\t\t\t<\/div>\n\t\t\t\t<\/div>\n\t\t\t\t<\/div>\n\t\t<div class=\"elementor-element elementor-element-68d0af2 e-con-full e-flex e-con e-child\" data-id=\"68d0af2\" data-element_type=\"container\" data-e-type=\"container\">\n\t\t\t\t<\/div>\n\t\t\t\t\t<\/div>\n\t\t\t\t<\/div>\n\t\t<div class=\"elementor-element elementor-element-0264010 e-flex e-con-boxed e-con e-parent\" data-id=\"0264010\" data-element_type=\"container\" data-e-type=\"container\" data-settings=\"{&quot;background_background&quot;:&quot;classic&quot;}\">\n\t\t\t\t\t<div class=\"e-con-inner\">\n\t\t<div class=\"elementor-element elementor-element-c24bbbc e-con-full e-flex e-con e-child\" data-id=\"c24bbbc\" data-element_type=\"container\" data-e-type=\"container\" data-settings=\"{&quot;background_background&quot;:&quot;classic&quot;}\">\n\t\t\t\t<div class=\"elementor-element elementor-element-b8ce7a2 elementor-widget elementor-widget-image\" data-id=\"b8ce7a2\" data-element_type=\"widget\" data-e-type=\"widget\" data-widget_type=\"image.default\">\n\t\t\t\t<div class=\"elementor-widget-container\">\n\t\t\t\t\t\t\t\t\t\t\t\t\t\t\t<img decoding=\"async\" width=\"640\" height=\"640\" src=\"https:\/\/easydoctors.us\/wp-content\/uploads\/2025\/07\/EasyDoctors-logotipoNew1.png\" class=\"attachment-full size-full wp-image-973\" alt=\"\" srcset=\"https:\/\/easydoctors.us\/wp-content\/uploads\/2025\/07\/EasyDoctors-logotipoNew1.png 640w, https:\/\/easydoctors.us\/wp-content\/uploads\/2025\/07\/EasyDoctors-logotipoNew1-300x300.png 300w, https:\/\/easydoctors.us\/wp-content\/uploads\/2025\/07\/EasyDoctors-logotipoNew1-150x150.png 150w\" sizes=\"(max-width: 640px) 100vw, 640px\" \/>\t\t\t\t\t\t\t\t\t\t\t\t\t\t\t<\/div>\n\t\t\t\t<\/div>\n\t\t\t\t<div class=\"elementor-element elementor-element-1b68430 elementor-widget elementor-widget-heading\" data-id=\"1b68430\" data-element_type=\"widget\" data-e-type=\"widget\" data-widget_type=\"heading.default\">\n\t\t\t\t<div class=\"elementor-widget-container\">\n\t\t\t\t\t<h2 class=\"elementor-heading-title elementor-size-default\"> <b style=\"color:#fff\">Voc\u00ea est\u00e1 quase l\u00e1!<\/b> <\/h2>\t\t\t\t<\/div>\n\t\t\t\t<\/div>\n\t\t\t\t<div class=\"elementor-element elementor-element-8cce68d elementor-widget elementor-widget-heading\" data-id=\"8cce68d\" data-element_type=\"widget\" data-e-type=\"widget\" data-widget_type=\"heading.default\">\n\t\t\t\t<div class=\"elementor-widget-container\">\n\t\t\t\t\t<h1 class=\"elementor-heading-title elementor-size-default\">Chegou a sua vez de cuidar da sa\u00fade do  <span style=\"color:#00c7ab\">jeito mais f\u00e1cil!<\/span>\n\n\n<\/h1>\t\t\t\t<\/div>\n\t\t\t\t<\/div>\n\t\t\t\t<div class=\"elementor-element elementor-element-b874349 animated-slow elementor-widget__width-initial elementor-invisible elementor-widget elementor-widget-text-editor\" data-id=\"b874349\" data-element_type=\"widget\" data-e-type=\"widget\" data-settings=\"{&quot;_animation&quot;:&quot;fadeIn&quot;,&quot;_animation_delay&quot;:200}\" data-widget_type=\"text-editor.default\">\n\t\t\t\t<div class=\"elementor-widget-container\">\n\t\t\t\t\t\t\t\t\t<p data-start=\"978\" data-end=\"1129\">Preencha o cadastro ao lado e descubra como a Easy Doctors pode transformar o seu atendimento m\u00e9dico: sem filas, sem stress, s\u00f3 o que importa pra voc\u00ea.<\/p>\t\t\t\t\t\t\t\t<\/div>\n\t\t\t\t<\/div>\n\t\t\t\t<div class=\"elementor-element elementor-element-67b2ddf elementor-widget elementor-widget-heading\" data-id=\"67b2ddf\" data-element_type=\"widget\" data-e-type=\"widget\" data-widget_type=\"heading.default\">\n\t\t\t\t<div class=\"elementor-widget-container\">\n\t\t\t\t\t<h1 class=\"elementor-heading-title elementor-size-default\">Bem-vindo(a) \u00e0 nova<span style=\"color:#00c7ab\"> era da sa\u00fade!<\/span><\/h1>\t\t\t\t<\/div>\n\t\t\t\t<\/div>\n\t\t\t\t<\/div>\n\t\t<div class=\"elementor-element elementor-element-274f3fc e-con-full e-flex e-con e-child\" data-id=\"274f3fc\" data-element_type=\"container\" data-e-type=\"container\">\n\t\t\t\t<div class=\"elementor-element elementor-element-126e601 elementor-button-align-stretch elementor-widget elementor-widget-form\" data-id=\"126e601\" data-element_type=\"widget\" data-e-type=\"widget\" data-settings=\"{&quot;step_next_label&quot;:&quot;Pr\\u00f3ximoz&quot;,&quot;step_previous_label&quot;:&quot;Anterior&quot;,&quot;button_width&quot;:&quot;100&quot;,&quot;step_type&quot;:&quot;number_text&quot;,&quot;step_icon_shape&quot;:&quot;circle&quot;}\" data-widget_type=\"form.default\">\n\t\t\t\t<div class=\"elementor-widget-container\">\n\t\t\t\t\t\t\t<form class=\"elementor-form\" method=\"post\" name=\"FormObamacare\" aria-label=\"FormObamacare\">\n\t\t\t<input type=\"hidden\" name=\"post_id\" value=\"875\"\/>\n\t\t\t<input type=\"hidden\" name=\"form_id\" value=\"126e601\"\/>\n\t\t\t<input type=\"hidden\" name=\"referer_title\" value=\"Formul\u00e1rio de cadastroOLD\" \/>\n\n\t\t\t\t\t\t\t<input type=\"hidden\" name=\"queried_id\" value=\"875\"\/>\n\t\t\t\n\t\t\t<div class=\"elementor-form-fields-wrapper elementor-labels-\">\n\t\t\t\t\t\t\t\t<div class=\"elementor-field-type-html elementor-field-group elementor-column elementor-field-group-field_8fe155b elementor-col-100\">\n\t\t\t\t\t\n<span style=\"margin-bottom:10px;\"><b style=\"color:#5200bf;font-weight:900; font-size:20px;\">CADASTRO <\/b><\/span>\n\t\t\t\t<\/div>\n\t\t\t\t\t\t\t\t<div class=\"elementor-field-type-text elementor-field-group elementor-column elementor-field-group-nome elementor-col-100 elementor-field-required\">\n\t\t\t\t\t\t\t\t\t\t\t\t<label for=\"form-field-nome\" class=\"elementor-field-label elementor-screen-only\">\n\t\t\t\t\t\t\t\tNome\t\t\t\t\t\t\t<\/label>\n\t\t\t\t\t\t\t\t\t\t\t\t\t\t<input size=\"1\" type=\"text\" name=\"form_fields[nome]\" id=\"form-field-nome\" class=\"elementor-field elementor-size-sm  elementor-field-textual\" placeholder=\"Nome\" required=\"required\">\n\t\t\t\t\t\t\t\t\t\t\t<\/div>\n\t\t\t\t\t\t\t\t<div class=\"elementor-field-type-text elementor-field-group elementor-column elementor-field-group-cpf elementor-col-100 elementor-field-required\">\n\t\t\t\t\t\t\t\t\t\t\t\t<label for=\"form-field-cpf\" class=\"elementor-field-label elementor-screen-only\">\n\t\t\t\t\t\t\t\tCPF\t\t\t\t\t\t\t<\/label>\n\t\t\t\t\t\t\t\t\t\t\t\t\t\t<input size=\"1\" type=\"text\" name=\"form_fields[cpf]\" id=\"form-field-cpf\" class=\"elementor-field elementor-size-sm  elementor-field-textual\" placeholder=\"CPF\" required=\"required\">\n\t\t\t\t\t\t\t\t\t\t\t<\/div>\n\t\t\t\t\t\t\t\t<div class=\"elementor-field-type-text elementor-field-group elementor-column elementor-field-group-nascimento elementor-col-100\">\n\t\t\t\t\t\t\t\t\t\t\t\t<label for=\"form-field-nascimento\" class=\"elementor-field-label elementor-screen-only\">\n\t\t\t\t\t\t\t\tData de nascimento\t\t\t\t\t\t\t<\/label>\n\t\t\t\t\t\t\t\t\t\t\t\t\t\t<input size=\"1\" type=\"text\" name=\"form_fields[nascimento]\" id=\"form-field-nascimento\" class=\"elementor-field elementor-size-sm  elementor-field-textual\" placeholder=\"Data de nascimento\">\n\t\t\t\t\t\t\t\t\t\t\t<\/div>\n\t\t\t\t\t\t\t\t<div class=\"elementor-field-type-select elementor-field-group elementor-column elementor-field-group-sexo elementor-col-100 elementor-field-required\">\n\t\t\t\t\t\t\t\t\t\t\t\t<label for=\"form-field-sexo\" class=\"elementor-field-label elementor-screen-only\">\n\t\t\t\t\t\t\t\tSexo\t\t\t\t\t\t\t<\/label>\n\t\t\t\t\t\t\t\t<div class=\"elementor-field elementor-select-wrapper remove-before \">\n\t\t\t<div class=\"select-caret-down-wrapper\">\n\t\t\t\t<svg aria-hidden=\"true\" class=\"e-font-icon-svg e-eicon-caret-down\" viewBox=\"0 0 571.4 571.4\" xmlns=\"http:\/\/www.w3.org\/2000\/svg\"><path d=\"M571 393Q571 407 561 418L311 668Q300 679 286 679T261 668L11 418Q0 407 0 393T11 368 36 357H536Q550 357 561 368T571 393Z\"><\/path><\/svg>\t\t\t<\/div>\n\t\t\t<select name=\"form_fields[sexo]\" id=\"form-field-sexo\" class=\"elementor-field-textual elementor-size-sm\" required=\"required\">\n\t\t\t\t\t\t\t\t\t<option value=\"Masculino\">Masculino<\/option>\n\t\t\t\t\t\t\t\t\t<option value=\"Feminino\">Feminino<\/option>\n\t\t\t\t\t\t\t<\/select>\n\t\t<\/div>\n\t\t\t\t\t\t<\/div>\n\t\t\t\t\t\t\t\t<div class=\"elementor-field-type-email elementor-field-group elementor-column elementor-field-group-email elementor-col-100 elementor-field-required\">\n\t\t\t\t\t\t\t\t\t\t\t\t<label for=\"form-field-email\" class=\"elementor-field-label elementor-screen-only\">\n\t\t\t\t\t\t\t\tE-mail\t\t\t\t\t\t\t<\/label>\n\t\t\t\t\t\t\t\t\t\t\t\t\t\t<input size=\"1\" type=\"email\" name=\"form_fields[email]\" id=\"form-field-email\" class=\"elementor-field elementor-size-sm  elementor-field-textual\" placeholder=\"E-mail\" required=\"required\">\n\t\t\t\t\t\t\t\t\t\t\t<\/div>\n\t\t\t\t\t\t\t\t<div class=\"elementor-field-type-tel elementor-field-group elementor-column elementor-field-group-telefone elementor-col-100 elementor-field-required\">\n\t\t\t\t\t\t\t\t\t\t\t\t<label for=\"form-field-telefone\" class=\"elementor-field-label elementor-screen-only\">\n\t\t\t\t\t\t\t\tTelefone\t\t\t\t\t\t\t<\/label>\n\t\t\t\t\t\t\t\t<input size=\"1\" type=\"tel\" name=\"form_fields[telefone]\" id=\"form-field-telefone\" class=\"elementor-field elementor-size-sm  elementor-field-textual\" placeholder=\"Telefone\" required=\"required\" pattern=\"[0-9()#&amp;+*-=.]+\" title=\"Apenas n\u00fameros e caracteres de telefone (#, -, *, etc.) s\u00e3o aceitos.\">\n\n\t\t\t\t\t\t<\/div>\n\t\t\t\t\t\t\t\t<div class=\"elementor-field-group elementor-column elementor-field-type-submit elementor-col-100 e-form__buttons\">\n\t\t\t\t\t<button class=\"elementor-button elementor-size-sm elementor-animation-shrink\" type=\"submit\">\n\t\t\t\t\t\t<span class=\"elementor-button-content-wrapper\">\n\t\t\t\t\t\t\t\t\t\t\t\t\t\t\t\t\t\t\t\t\t\t<span class=\"elementor-button-text\">ENVIAR<\/span>\n\t\t\t\t\t\t\t\t\t\t\t\t\t<\/span>\n\t\t\t\t\t<\/button>\n\t\t\t\t<\/div>\n\t\t\t<\/div>\n\t\t<\/form>\n\t\t\t\t\t\t<\/div>\n\t\t\t\t<\/div>\n\t\t\t\t<\/div>\n\t\t\t\t\t<\/div>\n\t\t\t\t<\/div>\n\t\t<div class=\"elementor-element elementor-element-5c7358d e-flex e-con-boxed e-con e-parent\" data-id=\"5c7358d\" data-element_type=\"container\" data-e-type=\"container\" data-settings=\"{&quot;background_background&quot;:&quot;classic&quot;}\">\n\t\t\t\t\t<div class=\"e-con-inner\">\n\t\t<div class=\"elementor-element elementor-element-6f74de9 e-con-full elementor-hidden-mobile e-flex e-con e-child\" data-id=\"6f74de9\" data-element_type=\"container\" data-e-type=\"container\">\n\t\t\t\t<div class=\"elementor-element elementor-element-9432220 elementor-widget elementor-widget-html\" data-id=\"9432220\" data-element_type=\"widget\" data-e-type=\"widget\" data-widget_type=\"html.default\">\n\t\t\t\t<div class=\"elementor-widget-container\">\n\t\t\t\t\t<!-- CSS intl-tel-input -->\r\n<link rel=\"stylesheet\" href=\"https:\/\/cdnjs.cloudflare.com\/ajax\/libs\/intl-tel-input\/17.0.8\/css\/intlTelInput.min.css\"\/>\r\n\r\n<!-- JS Mask + intl-tel-input -->\r\n<script src=\"https:\/\/cdnjs.cloudflare.com\/ajax\/libs\/jquery.mask\/1.14.16\/jquery.mask.min.js\"><\/script>\r\n<script src=\"https:\/\/cdnjs.cloudflare.com\/ajax\/libs\/intl-tel-input\/17.0.8\/js\/intlTelInput.min.js\"><\/script>\r\n<script src=\"https:\/\/cdnjs.cloudflare.com\/ajax\/libs\/intl-tel-input\/17.0.8\/js\/utils.js\"><\/script>\r\n\r\n<script>\r\njQuery(function($) {\r\n    \/\/ M\u00e1scara CPF\r\n    $('#form-field-cpf').mask('000.000.000-00');\r\n    \/\/ M\u00e1scara Data de Nascimento\r\n    $('#form-field-nascimento').mask('00\/00\/0000');\r\n\r\n    \/\/ TELEFONE com DDI (SEM M\u00c1SCARA)\r\n    var telInput = document.querySelector(\"#form-field-telefone\");\r\n    if (telInput) {\r\n        var iti = window.intlTelInput(telInput, {\r\n            separateDialCode: true,\r\n            preferredCountries: [\"br\", \"us\"],\r\n            initialCountry: \"us\",\r\n            utilsScript: \"https:\/\/cdnjs.cloudflare.com\/ajax\/libs\/intl-tel-input\/17.0.8\/js\/utils.js\"\r\n        });\r\n        \/\/ No envio, pega o telefone formatado internacional\r\n        $(telInput).closest('form').on('submit', function() {\r\n            telInput.value = iti.getNumber();\r\n        });\r\n    }\r\n});\r\n<\/script>\r\n<style>\r\n    .iti, .iti--allow-dropdown{\r\n    width: 100% !important;\r\n}\r\n\r\n.iti__selected-dial-code{\r\n    font-size: 16px;\r\n}\r\n\r\n.iti__country-name{\r\n    font-size: 16px;\r\n}\r\n\r\n.iti__dial-code{\r\n    font-size: 16px;\r\n}\r\n<\/style>\r\n\r\n\t\t\t\t<\/div>\n\t\t\t\t<\/div>\n\t\t\t\t<\/div>\n\t\t<div class=\"elementor-element elementor-element-9f63ff5 e-con-full elementor-hidden-mobile e-flex e-con e-child\" data-id=\"9f63ff5\" data-element_type=\"container\" data-e-type=\"container\">\n\t\t\t\t<div class=\"elementor-element elementor-element-d2cbe64 elementor-widget elementor-widget-image\" data-id=\"d2cbe64\" data-element_type=\"widget\" data-e-type=\"widget\" data-widget_type=\"image.default\">\n\t\t\t\t<div class=\"elementor-widget-container\">\n\t\t\t\t\t\t\t\t\t\t\t\t\t\t\t<img decoding=\"async\" width=\"640\" height=\"640\" src=\"https:\/\/easydoctors.us\/wp-content\/uploads\/2025\/07\/EasyDoctors-logotipoNew1.png\" class=\"attachment-full size-full wp-image-973\" alt=\"\" srcset=\"https:\/\/easydoctors.us\/wp-content\/uploads\/2025\/07\/EasyDoctors-logotipoNew1.png 640w, https:\/\/easydoctors.us\/wp-content\/uploads\/2025\/07\/EasyDoctors-logotipoNew1-300x300.png 300w, https:\/\/easydoctors.us\/wp-content\/uploads\/2025\/07\/EasyDoctors-logotipoNew1-150x150.png 150w\" sizes=\"(max-width: 640px) 100vw, 640px\" \/>\t\t\t\t\t\t\t\t\t\t\t\t\t\t\t<\/div>\n\t\t\t\t<\/div>\n\t\t\t\t<\/div>\n\t\t<div class=\"elementor-element elementor-element-ff40636 e-con-full elementor-hidden-mobile e-flex e-con e-child\" data-id=\"ff40636\" data-element_type=\"container\" data-e-type=\"container\">\n\t\t\t\t<\/div>\n\t\t\t\t<div class=\"elementor-element elementor-element-23aa0a1 elementor-hidden-desktop elementor-hidden-tablet elementor-widget elementor-widget-image\" data-id=\"23aa0a1\" data-element_type=\"widget\" data-e-type=\"widget\" data-widget_type=\"image.default\">\n\t\t\t\t<div class=\"elementor-widget-container\">\n\t\t\t\t\t\t\t\t\t\t\t\t\t\t\t<img decoding=\"async\" width=\"960\" height=\"536\" src=\"https:\/\/easydoctors.us\/wp-content\/uploads\/2024\/04\/logtipo-branco-verde.png\" class=\"attachment-full size-full wp-image-481\" alt=\"\" srcset=\"https:\/\/easydoctors.us\/wp-content\/uploads\/2024\/04\/logtipo-branco-verde.png 960w, https:\/\/easydoctors.us\/wp-content\/uploads\/2024\/04\/logtipo-branco-verde-300x168.png 300w, https:\/\/easydoctors.us\/wp-content\/uploads\/2024\/04\/logtipo-branco-verde-768x429.png 768w\" sizes=\"(max-width: 960px) 100vw, 960px\" \/>\t\t\t\t\t\t\t\t\t\t\t\t\t\t\t<\/div>\n\t\t\t\t<\/div>\n\t\t\t\t\t<\/div>\n\t\t\t\t<\/div>\n\t\t\t\t<\/div>\n\t\t","protected":false},"excerpt":{"rendered":"<p>Voc\u00ea est\u00e1 quase l\u00e1! Chegou a sua vez de cuidar da sa\u00fade do jeito mais f\u00e1cil! Preencha o cadastro ao lado e descubra como a Easy Doctors pode transformar o seu atendimento m\u00e9dico: sem filas, sem stress, s\u00f3 o que importa pra voc\u00ea. Bem-vindo(a) \u00e0 nova era da sa\u00fade!<\/p>","protected":false},"author":2,"featured_media":0,"parent":0,"menu_order":0,"comment_status":"closed","ping_status":"closed","template":"elementor_canvas","meta":{"footnotes":""},"class_list":["post-875","page","type-page","status-publish","hentry"],"_links":{"self":[{"href":"https:\/\/easydoctors.us\/es\/wp-json\/wp\/v2\/pages\/875","targetHints":{"allow":["GET"]}}],"collection":[{"href":"https:\/\/easydoctors.us\/es\/wp-json\/wp\/v2\/pages"}],"about":[{"href":"https:\/\/easydoctors.us\/es\/wp-json\/wp\/v2\/types\/page"}],"author":[{"embeddable":true,"href":"https:\/\/easydoctors.us\/es\/wp-json\/wp\/v2\/users\/2"}],"replies":[{"embeddable":true,"href":"https:\/\/easydoctors.us\/es\/wp-json\/wp\/v2\/comments?post=875"}],"version-history":[{"count":193,"href":"https:\/\/easydoctors.us\/es\/wp-json\/wp\/v2\/pages\/875\/revisions"}],"predecessor-version":[{"id":1190,"href":"https:\/\/easydoctors.us\/es\/wp-json\/wp\/v2\/pages\/875\/revisions\/1190"}],"wp:attachment":[{"href":"https:\/\/easydoctors.us\/es\/wp-json\/wp\/v2\/media?parent=875"}],"curies":[{"name":"wp","href":"https:\/\/api.w.org\/{rel}","templated":true}]}}